{"id":7,"date":"2021-06-18T04:56:45","date_gmt":"2021-06-18T04:56:45","guid":{"rendered":"http:\/\/www.poseidonrafting.com\/?page_id=7"},"modified":"2021-07-18T11:19:26","modified_gmt":"2021-07-18T11:19:26","slug":"bize-ulasin","status":"publish","type":"page","link":"http:\/\/www.poseidonrafting.com\/?page_id=7","title":{"rendered":"Contact Us"},"content":{"rendered":"\t\t<div data-elementor-type=\"wp-page\" data-elementor-id=\"7\" class=\"elementor elementor-7\" data-elementor-settings=\"[]\">\n\t\t\t\t\t\t\t<div class=\"elementor-section-wrap\">\n\t\t\t\t\t\t\t<section class=\"elementor-section elementor-top-section elementor-element elementor-element-166c6563 elementor-section-boxed elementor-section-height-default elementor-section-height-default\" data-id=\"166c6563\" data-element_type=\"section\">\n\t\t\t\t\t\t<div class=\"elementor-container elementor-column-gap-default\">\n\t\t\t\t\t<div class=\"elementor-column elementor-col-100 elementor-top-column elementor-element elementor-element-40adf41\" data-id=\"40adf41\" data-element_type=\"column\">\n\t\t\t<div class=\"elementor-widget-wrap elementor-element-populated\">\n\t\t\t\t\t\t\t\t<div class=\"elementor-element elementor-element-7ee06005 elementor-widget elementor-widget-text-editor\" data-id=\"7ee06005\" data-element_type=\"widget\" data-widget_type=\"text-editor.default\">\n\t\t\t\t<div class=\"elementor-widget-container\">\n\t\t\t\t\t\t\t<!-- wp:paragraph {\"style\":{\"typography\":{\"fontSize\":17},\"color\":{\"background\":\"#e4fa00\"}},\"textColor\":\"black\"} -->\n<p class=\"has-black-color has-text-color has-background\" style=\"background-color: #e4fa00; font-size: 17px;\"><a href=\"https:\/\/g.page\/poseidon-rafting?share\"><strong>Yol Tarifi i\u00e7in <\/strong><\/a><strong><a href=\"https:\/\/g.page\/poseidon-rafting?share\">T\u0131klay\u0131n\u0131z<\/a> <\/strong><\/p>\n<p class=\"has-black-color has-text-color has-background\" style=\"background-color: #e4fa00; font-size: 17px;\"><a href=\"https:\/\/g.page\/poseidon-rafting?share\"><strong>Adres: Be\u015fkonak Mah.Yar\u0131\u015f Sok. No:294, D:Z01, 07550 Manavgat\/Antalya<\/strong><\/a><\/p>\n<!-- \/wp:paragraph --><!-- wp:paragraph -->\n<p><strong>Tel : +90 533 612 78 26<\/strong><\/p>\n<p><strong>Mail : info@poseidonrafting.com<\/strong><\/p>\n<p><strong><!-- \/wp:paragraph --><!-- wp:paragraph --><\/strong><\/p>\n<!-- \/wp:paragraph -->\t\t\t\t\t\t<\/div>\n\t\t\t\t<\/div>\n\t\t\t\t<div class=\"elementor-element elementor-element-54f2636 e-grid-align-left elementor-shape-rounded elementor-grid-0 elementor-widget elementor-widget-social-icons\" data-id=\"54f2636\" data-element_type=\"widget\" data-widget_type=\"social-icons.default\">\n\t\t\t\t<div class=\"elementor-widget-container\">\n\t\t\t\t\t<div class=\"elementor-social-icons-wrapper elementor-grid\">\n\t\t\t\t\t\t\t<span class=\"elementor-grid-item\">\n\t\t\t\t\t<a class=\"elementor-icon elementor-social-icon elementor-social-icon-facebook elementor-repeater-item-e8a186a\" href=\"https:\/\/www.facebook.com\/poseidonrafting\" target=\"_blank\">\n\t\t\t\t\t\t<span class=\"elementor-screen-only\">Facebook<\/span>\n\t\t\t\t\t\t<i class=\"fab fa-facebook\"><\/i>\t\t\t\t\t<\/a>\n\t\t\t\t<\/span>\n\t\t\t\t\t\t\t<span class=\"elementor-grid-item\">\n\t\t\t\t\t<a class=\"elementor-icon elementor-social-icon elementor-social-icon-instagram elementor-repeater-item-a9296fb\" href=\"https:\/\/www.instagram.com\/poseidonoutdoorsports\/\" target=\"_blank\">\n\t\t\t\t\t\t<span class=\"elementor-screen-only\">Instagram<\/span>\n\t\t\t\t\t\t<i class=\"fab fa-instagram\"><\/i>\t\t\t\t\t<\/a>\n\t\t\t\t<\/span>\n\t\t\t\t\t\t\t<span class=\"elementor-grid-item\">\n\t\t\t\t\t<a class=\"elementor-icon elementor-social-icon elementor-social-icon-whatsapp elementor-repeater-item-2724ba5\" href=\"http:\/\/05336127826\">\n\t\t\t\t\t\t<span class=\"elementor-screen-only\">Whatsapp<\/span>\n\t\t\t\t\t\t<i class=\"fab fa-whatsapp\"><\/i>\t\t\t\t\t<\/a>\n\t\t\t\t<\/span>\n\t\t\t\t\t<\/div>\n\t\t\t\t<\/div>\n\t\t\t\t<\/div>\n\t\t\t\t\t<\/div>\n\t\t<\/div>\n\t\t\t\t\t\t\t<\/div>\n\t\t<\/section>\n\t\t\t\t<section class=\"elementor-section elementor-top-section elementor-element elementor-element-e4a8f75 elementor-section-boxed elementor-section-height-default elementor-section-height-default\" data-id=\"e4a8f75\" data-element_type=\"section\">\n\t\t\t\t\t\t<div class=\"elementor-container elementor-column-gap-default\">\n\t\t\t\t\t<div class=\"elementor-column elementor-col-100 elementor-top-column elementor-element elementor-element-2dae8f6\" data-id=\"2dae8f6\" data-element_type=\"column\">\n\t\t\t<div class=\"elementor-widget-wrap elementor-element-populated\">\n\t\t\t\t\t\t\t\t<div class=\"elementor-element elementor-element-233e23d elementor-widget elementor-widget-google_maps\" data-id=\"233e23d\" data-element_type=\"widget\" data-widget_type=\"google_maps.default\">\n\t\t\t\t<div class=\"elementor-widget-container\">\n\t\t\t\t\t<div class=\"elementor-custom-embed\">\n\t\t\t<iframe frameborder=\"0\" scrolling=\"no\" marginheight=\"0\" marginwidth=\"0\"\n\t\t\t\t\tsrc=\"https:\/\/maps.google.com\/maps?q=poseidon%20rafting&#038;t=m&#038;z=10&#038;output=embed&#038;iwloc=near\"\n\t\t\t\t\ttitle=\"poseidon rafting\"\n\t\t\t\t\taria-label=\"poseidon rafting\"\n\t\t\t><\/iframe>\n\t\t<\/div>\n\t\t\t\t<\/div>\n\t\t\t\t<\/div>\n\t\t\t\t\t<\/div>\n\t\t<\/div>\n\t\t\t\t\t\t\t<\/div>\n\t\t<\/section>\n\t\t\t\t\t\t<\/div>\n\t\t\t\t\t<\/div>\n\t\t","protected":false},"excerpt":{"rendered":"<p>Yol Tarifi i\u00e7in T\u0131klay\u0131n\u0131z Adres: Be\u015fkonak Mah.Yar\u0131\u015f Sok. No:294, D:Z01, 07550 Manavgat\/Antalya Tel : +90 533 612 78 26 Mail : info@poseidonrafting.com Facebook Instagram Whatsapp<\/p>\n","protected":false},"author":1,"featured_media":0,"parent":0,"menu_order":0,"comment_status":"closed","ping_status":"closed","template":"","meta":{"footnotes":""},"class_list":["post-7","page","type-page","status-publish","hentry"],"_links":{"self":[{"href":"http:\/\/www.poseidonrafting.com\/index.php?rest_route=\/wp\/v2\/pages\/7","targetHints":{"allow":["GET"]}}],"collection":[{"href":"http:\/\/www.poseidonrafting.com\/index.php?rest_route=\/wp\/v2\/pages"}],"about":[{"href":"http:\/\/www.poseidonrafting.com\/index.php?rest_route=\/wp\/v2\/types\/page"}],"author":[{"embeddable":true,"href":"http:\/\/www.poseidonrafting.com\/index.php?rest_route=\/wp\/v2\/users\/1"}],"replies":[{"embeddable":true,"href":"http:\/\/www.poseidonrafting.com\/index.php?rest_route=%2Fwp%2Fv2%2Fcomments&post=7"}],"version-history":[{"count":30,"href":"http:\/\/www.poseidonrafting.com\/index.php?rest_route=\/wp\/v2\/pages\/7\/revisions"}],"predecessor-version":[{"id":162,"href":"http:\/\/www.poseidonrafting.com\/index.php?rest_route=\/wp\/v2\/pages\/7\/revisions\/162"}],"wp:attachment":[{"href":"http:\/\/www.poseidonrafting.com\/index.php?rest_route=%2Fwp%2Fv2%2Fmedia&parent=7"}],"curies":[{"name":"wp","href":"https:\/\/api.w.org\/{rel}","templated":true}]}}